{"id":8,"date":"2021-12-02T13:09:59","date_gmt":"2021-12-02T12:09:59","guid":{"rendered":"http:\/\/maisonbohemia.com\/?page_id=8"},"modified":"2022-05-20T15:24:06","modified_gmt":"2022-05-20T13:24:06","slug":"accueil","status":"publish","type":"page","link":"https:\/\/maisonbohemia.com\/","title":{"rendered":"A propos de moi"},"content":{"rendered":"\n<p>Consultante en beaut\u00e9 holistique et engag\u00e9e pour la cause f\u00e9minine, je vous propose les rem\u00e8des du mieux-\u00eatre, des Bracelets et Pierres naturelles , la lithoth\u00e9rapie <\/p>\n\n\n\n<p>L&#8217;enveloppe charnelle est \u00e9ph\u00e9m\u00e8re, elle attire et s\u00e9duit. <\/p>\n\n\n\n<p>La beaut\u00e9 int\u00e9rieure, quand \u00e0 elle, est \u00e9ternelle, elle captive et charme l&#8217;\u00e2me. Je vous propose des conseils et un suivi personnalis\u00e9 afin de r\u00e9pondre \u00e0 vos attentes pour votre bien-\u00eatre.<\/p>\n\n\n\n<p><\/p>\n","protected":false},"excerpt":{"rendered":"<p>Consultante en beaut\u00e9 holistique et engag\u00e9e pour la cause f\u00e9minine, je vous propose les rem\u00e8des du mieux-\u00eatre, des Bracelets et Pierres naturelles , la lithoth\u00e9rapie L&#8217;enveloppe charnelle est \u00e9ph\u00e9m\u00e8re, elle attire et s\u00e9duit. La beaut\u00e9 int\u00e9rieure, quand \u00e0 elle, est \u00e9ternelle, elle captive et charme l&#8217;\u00e2me. Je vous propose des conseils et un suivi personnalis\u00e9 &hellip; <\/p>\n<p class=\"link-more\"><a href=\"https:\/\/maisonbohemia.com\/\" class=\"more-link\">Continue reading<span class=\"screen-reader-text\"> &#8220;A propos de moi&#8221;<\/span><\/a><\/p>\n","protected":false},"author":1,"featured_media":0,"parent":9,"menu_order":0,"comment_status":"closed","ping_status":"closed","template":"","meta":{"footnotes":""},"class_list":["post-8","page","type-page","status-publish","hentry"],"_links":{"self":[{"href":"https:\/\/maisonbohemia.com\/index.php\/wp-json\/wp\/v2\/pages\/8","targetHints":{"allow":["GET"]}}],"collection":[{"href":"https:\/\/maisonbohemia.com\/index.php\/wp-json\/wp\/v2\/pages"}],"about":[{"href":"https:\/\/maisonbohemia.com\/index.php\/wp-json\/wp\/v2\/types\/page"}],"author":[{"embeddable":true,"href":"https:\/\/maisonbohemia.com\/index.php\/wp-json\/wp\/v2\/users\/1"}],"replies":[{"embeddable":true,"href":"https:\/\/maisonbohemia.com\/index.php\/wp-json\/wp\/v2\/comments?post=8"}],"version-history":[{"count":7,"href":"https:\/\/maisonbohemia.com\/index.php\/wp-json\/wp\/v2\/pages\/8\/revisions"}],"predecessor-version":[{"id":89,"href":"https:\/\/maisonbohemia.com\/index.php\/wp-json\/wp\/v2\/pages\/8\/revisions\/89"}],"up":[{"embeddable":true,"href":"https:\/\/maisonbohemia.com\/index.php\/wp-json\/wp\/v2\/pages\/9"}],"wp:attachment":[{"href":"https:\/\/maisonbohemia.com\/index.php\/wp-json\/wp\/v2\/media?parent=8"}],"curies":[{"name":"wp","href":"https:\/\/api.w.org\/{rel}","templated":true}]}}