{"id":9,"date":"2021-12-02T13:09:59","date_gmt":"2021-12-02T12:09:59","guid":{"rendered":"http:\/\/maisonbohemia.com\/?page_id=9"},"modified":"2022-05-20T15:25:29","modified_gmt":"2022-05-20T13:25:29","slug":"a-propos-de","status":"publish","type":"page","link":"https:\/\/maisonbohemia.com\/index.php\/a-propos-de\/","title":{"rendered":"\u00c0 propos de vous"},"content":{"rendered":"\n<p>Vous \u00eates une femme \u00e0 la recherche de votre bien \u00eatre, de vous recentrer sur l&#8217;essentiel, trouver la paix int\u00e9rieure et prendre soin de vous ?  <\/p>\n\n\n\n<p>Boh\u00e9mia vous propose <\/p>\n\n\n\n<p>Un ensemble de Th\u00e9rapies holistiques :<\/p>\n\n\n\n<p>Beaut\u00e9,  Soins \u00e9nerg\u00e9tiques <\/p>\n\n\n\n<p>Divination<\/p>\n\n\n\n<p><\/p>\n","protected":false},"excerpt":{"rendered":"<p>Vous \u00eates une femme \u00e0 la recherche de votre bien \u00eatre, de vous recentrer sur l&#8217;essentiel, trouver la paix int\u00e9rieure et prendre soin de vous ? Boh\u00e9mia vous propose Un ensemble de Th\u00e9rapies holistiques : Beaut\u00e9, Soins \u00e9nerg\u00e9tiques Divination<\/p>\n","protected":false},"author":1,"featured_media":56,"parent":0,"menu_order":0,"comment_status":"closed","ping_status":"closed","template":"","meta":{"footnotes":""},"class_list":["post-9","page","type-page","status-publish","has-post-thumbnail","hentry"],"_links":{"self":[{"href":"https:\/\/maisonbohemia.com\/index.php\/wp-json\/wp\/v2\/pages\/9","targetHints":{"allow":["GET"]}}],"collection":[{"href":"https:\/\/maisonbohemia.com\/index.php\/wp-json\/wp\/v2\/pages"}],"about":[{"href":"https:\/\/maisonbohemia.com\/index.php\/wp-json\/wp\/v2\/types\/page"}],"author":[{"embeddable":true,"href":"https:\/\/maisonbohemia.com\/index.php\/wp-json\/wp\/v2\/users\/1"}],"replies":[{"embeddable":true,"href":"https:\/\/maisonbohemia.com\/index.php\/wp-json\/wp\/v2\/comments?post=9"}],"version-history":[{"count":6,"href":"https:\/\/maisonbohemia.com\/index.php\/wp-json\/wp\/v2\/pages\/9\/revisions"}],"predecessor-version":[{"id":91,"href":"https:\/\/maisonbohemia.com\/index.php\/wp-json\/wp\/v2\/pages\/9\/revisions\/91"}],"wp:featuredmedia":[{"embeddable":true,"href":"https:\/\/maisonbohemia.com\/index.php\/wp-json\/wp\/v2\/media\/56"}],"wp:attachment":[{"href":"https:\/\/maisonbohemia.com\/index.php\/wp-json\/wp\/v2\/media?parent=9"}],"curies":[{"name":"wp","href":"https:\/\/api.w.org\/{rel}","templated":true}]}}